{"id":29,"date":"2023-01-22T12:59:51","date_gmt":"2023-01-22T12:59:51","guid":{"rendered":"http:\/\/psychiatria.ovh\/psychin\/?page_id=29"},"modified":"2023-01-25T19:39:25","modified_gmt":"2023-01-25T19:39:25","slug":"przed-pierwsza-wizyta","status":"publish","type":"page","link":"https:\/\/psychiatria.ovh\/psychin\/przed-pierwsza-wizyta\/","title":{"rendered":"Przed pierwsz\u0105 wizyt\u0105"},"content":{"rendered":"\n<p>Je\u015bli planujesz przyj\u015b\u0107 do mojego gabinetu (dowolnie &#8211; w ramach NFZ czy prywatnie) powiniene\u015b\/powinna\u015b wiedzie\u0107 kilka rzeczy:<\/p>\n\n\n\n<ul class=\"wp-block-list\">\n<li>W ramach NFZ przyjmuje rano, a pacjent\u00f3w przychodz\u0105cych pierwszy raz prosz\u0119 zwykle o przyj\u015bcie wcze\u015bnie &#8211; na 7.oo, na czczo, z w miar\u0119 mo\u017cliwo\u015bci, dokumentacj\u0105 dotychczasowego leczenia, bada\u0144 itd. Na czczo gdy\u017c cz\u0119sto zlecam wykonanie bada\u0144 laboratoryjnych zaraz po wizycie i wtedy mo\u017cna to zrobi\u0107 jeszcze tego samego dnia.<\/li>\n\n\n\n<li>W ramach gabinetu prywatnego &#8211; przyjmuje popo\u0142udniami i zapisuje rejestracja. Nie ma wtedy sensu przychodzenie na czczo. Ale dotychczasowa dokumentacja &#8211; wymagana!<\/li>\n\n\n\n<li>Przed pierwsza wizyta prosi\u0142bym o wype\u0142nienie kilku kwestionariuszy. Podawanie prawdziwych danych osobowych nie jest konieczne, jednak w przypadku nieprawdziwych, prosz\u0119 je pami\u0119ta\u0107 bo na wizycie b\u0119d\u0119 musia\u0142 dowiedzie\u0107 si\u0119 o wyniki i wtedy musze m\u00f3c widzie\u0107 jak si\u0119 pan\/pani podpisali:<\/li>\n<\/ul>\n\n\n\n<p>Poni\u017cej w\/w kwestionariusze. Wystarczy klikn\u0105\u0107 myszk\u0105 i otworz\u0105 si\u0119 w odr\u0119bnej karcie.<\/p>\n\n\n\n<ul class=\"wp-block-list\">\n<li><a href=\"https:\/\/forms.gle\/if7guNAJ9q2TK9pD6\" data-type=\"URL\" data-id=\"https:\/\/forms.gle\/if7guNAJ9q2TK9pD6\" target=\"_blank\" rel=\"noreferrer noopener\">BECK<\/a><\/li>\n\n\n\n<li><a rel=\"noreferrer noopener\" href=\"https:\/\/forms.gle\/BB1rCoX2QfpcsWnw5\" data-type=\"URL\" data-id=\"https:\/\/forms.gle\/BB1rCoX2QfpcsWnw5\" target=\"_blank\">Kwestionariusz objawowy<\/a><\/li>\n\n\n\n<li><a rel=\"noreferrer noopener\" href=\"https:\/\/forms.gle\/s7KZYHrGsaTMcyUL9\" data-type=\"URL\" data-id=\"https:\/\/forms.gle\/s7KZYHrGsaTMcyUL9\" target=\"_blank\">Ankieta zyciorysowa<\/a><\/li>\n\n\n\n<li><a rel=\"noreferrer noopener\" href=\"https:\/\/forms.gle\/tPkJBjtfvzf4Xnjy8\" data-type=\"URL\" data-id=\"https:\/\/forms.gle\/tPkJBjtfvzf4Xnjy8\" target=\"_blank\">HCL32<\/a><\/li>\n\n\n\n<li><\/li>\n\n\n\n<li><a href=\"https:\/\/forms.gle\/iS78XU2XNim9gsa98\" data-type=\"URL\" data-id=\"https:\/\/forms.gle\/iS78XU2XNim9gsa98\" target=\"_blank\" rel=\"noreferrer noopener\">MAST<\/a><\/li>\n\n\n\n<li><a href=\"https:\/\/docs.google.com\/forms\/d\/e\/1FAIpQLSetVKgKtsCopLGIuLLMOVP24VtAc1xCkpjKKvQkl7gBvfktIA\/viewform?usp=sf_link\" data-type=\"URL\" data-id=\"https:\/\/docs.google.com\/forms\/d\/e\/1FAIpQLSetVKgKtsCopLGIuLLMOVP24VtAc1xCkpjKKvQkl7gBvfktIA\/viewform?usp=sf_link\" target=\"_blank\" rel=\"noreferrer noopener\">MDQ<\/a><\/li>\n\n\n\n<li><a href=\"https:\/\/forms.gle\/MmkEFzm1UNMkW5AEA\" data-type=\"URL\" data-id=\"https:\/\/forms.gle\/MmkEFzm1UNMkW5AEA\" target=\"_blank\" rel=\"noreferrer noopener\">jesli masz powyzej 65r\u017c &#8211; GDS<\/a><\/li>\n<\/ul>\n\n\n\n<p>Dane kt\u00f3re podasz s\u0105 do wgl\u0105du wy\u0142\u0105cznie dla lekarza lub je\u015bli wyrazisz zgod\u0119 zostan\u0105 udost\u0119pnione psychologowi w ramach procesu diagnostycznego.<\/p>\n\n\n\n<p>W razie w\u0105tpliwo\u015bci lub pyta\u0144 prosz\u0119 pisa\u0107 maila na adres jprzybylo@gmail.com lub pisa\u0107 SMS na numer 601420326. Zawsze prosz\u0119 si\u0119 przedstawi\u0107 i napisa\u0107 o jaka poradni\u0119 chodzi. <\/p>\n\n\n\n<p><\/p>\n\n\n\n<p><\/p>\n\n\n\n<p><\/p>\n","protected":false},"excerpt":{"rendered":"<p>Je\u015bli planujesz przyj\u015b\u0107 do mojego gabinetu (dowolnie &#8211; w ramach NFZ czy prywatnie) powiniene\u015b\/powinna\u015b wiedzie\u0107 kilka rzeczy: Poni\u017cej w\/w kwestionariusze. Wystarczy klikn\u0105\u0107 myszk\u0105 i otworz\u0105 si\u0119 w odr\u0119bnej karcie. Dane kt\u00f3re podasz s\u0105 do wgl\u0105du wy\u0142\u0105cznie dla lekarza lub je\u015bli &hellip; <a href=\"https:\/\/psychiatria.ovh\/psychin\/przed-pierwsza-wizyta\/\">Czytaj dalej <span class=\"meta-nav\">&rarr;<\/span><\/a><\/p>\n","protected":false},"author":1,"featured_media":0,"parent":0,"menu_order":0,"comment_status":"closed","ping_status":"closed","template":"","meta":{"om_disable_all_campaigns":false,"_monsterinsights_skip_tracking":false,"_monsterinsights_sitenote_active":false,"_monsterinsights_sitenote_note":"","_monsterinsights_sitenote_category":0,"footnotes":""},"class_list":["post-29","page","type-page","status-publish","hentry"],"aioseo_notices":[],"_links":{"self":[{"href":"https:\/\/psychiatria.ovh\/psychin\/wp-json\/wp\/v2\/pages\/29","targetHints":{"allow":["GET"]}}],"collection":[{"href":"https:\/\/psychiatria.ovh\/psychin\/wp-json\/wp\/v2\/pages"}],"about":[{"href":"https:\/\/psychiatria.ovh\/psychin\/wp-json\/wp\/v2\/types\/page"}],"author":[{"embeddable":true,"href":"https:\/\/psychiatria.ovh\/psychin\/wp-json\/wp\/v2\/users\/1"}],"replies":[{"embeddable":true,"href":"https:\/\/psychiatria.ovh\/psychin\/wp-json\/wp\/v2\/comments?post=29"}],"version-history":[{"count":7,"href":"https:\/\/psychiatria.ovh\/psychin\/wp-json\/wp\/v2\/pages\/29\/revisions"}],"predecessor-version":[{"id":65,"href":"https:\/\/psychiatria.ovh\/psychin\/wp-json\/wp\/v2\/pages\/29\/revisions\/65"}],"wp:attachment":[{"href":"https:\/\/psychiatria.ovh\/psychin\/wp-json\/wp\/v2\/media?parent=29"}],"curies":[{"name":"wp","href":"https:\/\/api.w.org\/{rel}","templated":true}]}}