{"id":67,"date":"2023-01-25T20:00:18","date_gmt":"2023-01-25T20:00:18","guid":{"rendered":"http:\/\/psychiatria.ovh\/psychin\/?page_id=67"},"modified":"2023-01-25T20:00:18","modified_gmt":"2023-01-25T20:00:18","slug":"kolejne-wizyty","status":"publish","type":"page","link":"https:\/\/psychiatria.ovh\/psychin\/kolejne-wizyty\/","title":{"rendered":"Kolejne wizyty"},"content":{"rendered":"\n<p>Kolejne wizyty zwykle s\u0105 planowane z ka\u017cdym pacjentem oddzielnie. Ale mog\u0119 poprosi\u0107 o kilka rzeczy:<\/p>\n\n\n\n<ol class=\"wp-block-list\">\n<li>wykonanie badania EEG &#8211; najcze\u015bciej wykonuje si\u0119 je w pracowni elektroneurnpsychologii w ZWPS na pierwszym pi\u0119trze. Badanie trwa ok 20 minut, jest zupe\u0142nie nieinwazyjne. <\/li>\n\n\n\n<li>wykonanie jednego z poni\u017cszych test\u00f3w:<\/li>\n<\/ol>\n\n\n\n<ul class=\"wp-block-list\">\n<li><a href=\"https:\/\/forms.gle\/if7guNAJ9q2TK9pD6\" data-type=\"URL\" data-id=\"https:\/\/forms.gle\/if7guNAJ9q2TK9pD6\" target=\"_blank\" rel=\"noreferrer noopener\">BECK<\/a><\/li>\n\n\n\n<li><a rel=\"noreferrer noopener\" href=\"https:\/\/forms.gle\/BB1rCoX2QfpcsWnw5\" data-type=\"URL\" data-id=\"https:\/\/forms.gle\/BB1rCoX2QfpcsWnw5\" target=\"_blank\">Kwestionariusz objawowy<\/a><\/li>\n\n\n\n<li><a rel=\"noreferrer noopener\" href=\"https:\/\/forms.gle\/tPkJBjtfvzf4Xnjy8\" data-type=\"URL\" data-id=\"https:\/\/forms.gle\/tPkJBjtfvzf4Xnjy8\" target=\"_blank\">HCL32<\/a><\/li>\n\n\n\n<li><a href=\"https:\/\/forms.gle\/iS78XU2XNim9gsa98\" data-type=\"URL\" data-id=\"https:\/\/forms.gle\/iS78XU2XNim9gsa98\" target=\"_blank\" rel=\"noreferrer noopener\">MAST<\/a><\/li>\n\n\n\n<li><a href=\"https:\/\/docs.google.com\/forms\/d\/e\/1FAIpQLSetVKgKtsCopLGIuLLMOVP24VtAc1xCkpjKKvQkl7gBvfktIA\/viewform?usp=sf_link\" data-type=\"URL\" data-id=\"https:\/\/docs.google.com\/forms\/d\/e\/1FAIpQLSetVKgKtsCopLGIuLLMOVP24VtAc1xCkpjKKvQkl7gBvfktIA\/viewform?usp=sf_link\" target=\"_blank\" rel=\"noreferrer noopener\">MDQ<\/a><\/li>\n\n\n\n<li><a rel=\"noreferrer noopener\" href=\"https:\/\/forms.gle\/MmkEFzm1UNMkW5AEA\" data-type=\"URL\" data-id=\"https:\/\/forms.gle\/MmkEFzm1UNMkW5AEA\" target=\"_blank\"> GDS<\/a><\/li>\n<\/ul>\n\n\n\n<p>3. wykonanie bada\u0144 psychologicznych &#8211; wtedy najcz\u0119\u015bciej sam wskazuje do kt\u00f3rego psychologa trzeba si\u0119 uda\u0107 i sam przekazuj\u0119 mu jakie badania maja by\u0107 wykonane. Zwykle ta diagnostyka trwa 2-3 spotka\u0144 u psychologa kt\u00f3re zajmuje do 50 minut. <\/p>\n\n\n\n<p><\/p>\n\n\n\n<p>W razie w\u0105tpliwo\u015bci lub pyta\u0144 prosz\u0119 pisa\u0107 maila na adres jprzybylo@gmail.com lub pisa\u0107 SMS na numer 601420326. Zawsze prosz\u0119 si\u0119 przedstawi\u0107 i napisa\u0107 o jaka poradni\u0119 chodzi. <\/p>\n","protected":false},"excerpt":{"rendered":"<p>Kolejne wizyty zwykle s\u0105 planowane z ka\u017cdym pacjentem oddzielnie. Ale mog\u0119 poprosi\u0107 o kilka rzeczy: 3. wykonanie bada\u0144 psychologicznych &#8211; wtedy najcz\u0119\u015bciej sam wskazuje do kt\u00f3rego psychologa trzeba si\u0119 uda\u0107 i sam przekazuj\u0119 mu jakie badania maja by\u0107 wykonane. Zwykle &hellip; <a href=\"https:\/\/psychiatria.ovh\/psychin\/kolejne-wizyty\/\">Czytaj dalej <span class=\"meta-nav\">&rarr;<\/span><\/a><\/p>\n","protected":false},"author":2,"featured_media":0,"parent":0,"menu_order":0,"comment_status":"closed","ping_status":"closed","template":"","meta":{"om_disable_all_campaigns":false,"_monsterinsights_skip_tracking":false,"_monsterinsights_sitenote_active":false,"_monsterinsights_sitenote_note":"","_monsterinsights_sitenote_category":0,"footnotes":""},"class_list":["post-67","page","type-page","status-publish","hentry"],"aioseo_notices":[],"_links":{"self":[{"href":"https:\/\/psychiatria.ovh\/psychin\/wp-json\/wp\/v2\/pages\/67","targetHints":{"allow":["GET"]}}],"collection":[{"href":"https:\/\/psychiatria.ovh\/psychin\/wp-json\/wp\/v2\/pages"}],"about":[{"href":"https:\/\/psychiatria.ovh\/psychin\/wp-json\/wp\/v2\/types\/page"}],"author":[{"embeddable":true,"href":"https:\/\/psychiatria.ovh\/psychin\/wp-json\/wp\/v2\/users\/2"}],"replies":[{"embeddable":true,"href":"https:\/\/psychiatria.ovh\/psychin\/wp-json\/wp\/v2\/comments?post=67"}],"version-history":[{"count":1,"href":"https:\/\/psychiatria.ovh\/psychin\/wp-json\/wp\/v2\/pages\/67\/revisions"}],"predecessor-version":[{"id":68,"href":"https:\/\/psychiatria.ovh\/psychin\/wp-json\/wp\/v2\/pages\/67\/revisions\/68"}],"wp:attachment":[{"href":"https:\/\/psychiatria.ovh\/psychin\/wp-json\/wp\/v2\/media?parent=67"}],"curies":[{"name":"wp","href":"https:\/\/api.w.org\/{rel}","templated":true}]}}