{"id":85,"date":"2023-01-26T17:30:15","date_gmt":"2023-01-26T17:30:15","guid":{"rendered":"http:\/\/psychiatria.ovh\/psychin\/?page_id=85"},"modified":"2023-01-29T09:38:32","modified_gmt":"2023-01-29T09:38:32","slug":"psychoterapia","status":"publish","type":"page","link":"https:\/\/psychiatria.ovh\/psychin\/psychoterapia\/","title":{"rendered":"Psychoterapia"},"content":{"rendered":"\n<p>Bardzo cz\u0119sto w ramach leczenia zalecam moim pacjentom podj\u0119cie psychoterapii. <\/p>\n\n\n\n<p>Co warto wiedzie\u0107 praktycznego wybieraj\u0105c si\u0119 na psychoterapi\u0119? <\/p>\n\n\n\n<p>Doradzam pacjentom by udaj\u0105c si\u0119 na psychoterapi\u0119  kierowali si\u0119 pewnymi praktycznymi wyznacznikami. <\/p>\n\n\n\n<p>Do tych prostych wyznacznik\u00f3w zaliczam: <\/p>\n\n\n\n<ol class=\"wp-block-list\">\n<li>dost\u0119pno\u015b\u0107 organizacyjn\u0105<\/li>\n\n\n\n<li>profesjonalizam<\/li>\n\n\n\n<li>decyzj\u0119 czy terapia indywidualna czy grupowa<\/li>\n\n\n\n<li>kontakt z terapeut\u0105<\/li>\n<\/ol>\n\n\n\n<p>Prosz\u0119 zauwa\u017cy\u0107 \u017ce nie pisz\u0119 jakie podej\u015bcie psychoterapeutyczne preferuj\u0119. Zak\u0142adam \u017ce kieruj\u0105c si\u0119 odpowiednimi wskaz\u00f3wkami m\u00f3j pacjent wybierze terapie u profesjonalnego psychoterapeuty kt\u00f3ry dostosuje swoje umiej\u0119tno\u015bci i wiedz\u0119 do potrzeb terapii. Je\u015bli uzna \u017ce podej\u015bcie kt\u00f3re reprezentuje nie jest najlepszym dla pacjenta &#8211; zaproponuje leczenie u innego terapeuty. <\/p>\n\n\n\n<p>Dost\u0119pno\u015b\u0107 organizacyjna oznaczy ze wyb\u00f3r pozwoli na takie dostosowanie terapii by mo\u017cna by\u0142o po\u015bwi\u0119ci\u0107 jej 1h tygodniowo na czasie um\u00f3wionym z terapeut\u0105. By dojazd i przyjazd na terapi\u0119 nie stanowi\u0142 problemu. <br>Je\u015bli pacjent planuje udzia\u0142a w terapii na oddziale dziennym leczenia nerwic &#8211; trzeba si\u0119 liczy\u0107 z po\u015bwi\u0119ceniem leczeniu 12 tygodni. W tym czasie raczej nie da sie r\u00f3wnolegle pracowa\u0107. Terapia obci\u0105\u017ca emocjonalnie co sie przek\u0142ada na zm\u0119czenie fizyczne.<\/p>\n\n\n\n<p>Jakikolwiek by nie by\u0142 wyb\u00f3r w w\/w kryteriach &#8211; na koniec zostaje kwestia terapeuty.  Pacjent u terapeuty powinien sie czu\u0107 bezpiecznie, czu\u0107 ze jest rozumiany i szanowany. <\/p>\n\n\n\n<p>Nie jest dobrze gdy czuje sie pouczany, gdy terapeuta ma pomys\u0142y co pacjent ma robi\u0107 w danej sprawie, \u017cyciu itd. Rol\u0105 terapeuty nie jest te\u017c ocenianie, por\u00f3wnywanie etc. Takie dzia\u0142ania to rola raczej psycholog\u00f3w (ale nie psychoterapeut\u00f3w) i coach\u00f3w. <\/p>\n\n\n\n<p>Niestety tych ostatnich cech nie da sie okre\u015bli\u0107 bez osobistego kontaktu z terapeut\u0105. <\/p>\n","protected":false},"excerpt":{"rendered":"<p>Bardzo cz\u0119sto w ramach leczenia zalecam moim pacjentom podj\u0119cie psychoterapii. Co warto wiedzie\u0107 praktycznego wybieraj\u0105c si\u0119 na psychoterapi\u0119? Doradzam pacjentom by udaj\u0105c si\u0119 na psychoterapi\u0119 kierowali si\u0119 pewnymi praktycznymi wyznacznikami. Do tych prostych wyznacznik\u00f3w zaliczam: Prosz\u0119 zauwa\u017cy\u0107 \u017ce nie pisz\u0119 &hellip; <a href=\"https:\/\/psychiatria.ovh\/psychin\/psychoterapia\/\">Czytaj dalej <span class=\"meta-nav\">&rarr;<\/span><\/a><\/p>\n","protected":false},"author":2,"featured_media":0,"parent":0,"menu_order":0,"comment_status":"closed","ping_status":"closed","template":"","meta":{"om_disable_all_campaigns":false,"_monsterinsights_skip_tracking":false,"_monsterinsights_sitenote_active":false,"_monsterinsights_sitenote_note":"","_monsterinsights_sitenote_category":0,"footnotes":""},"class_list":["post-85","page","type-page","status-publish","hentry"],"aioseo_notices":[],"_links":{"self":[{"href":"https:\/\/psychiatria.ovh\/psychin\/wp-json\/wp\/v2\/pages\/85","targetHints":{"allow":["GET"]}}],"collection":[{"href":"https:\/\/psychiatria.ovh\/psychin\/wp-json\/wp\/v2\/pages"}],"about":[{"href":"https:\/\/psychiatria.ovh\/psychin\/wp-json\/wp\/v2\/types\/page"}],"author":[{"embeddable":true,"href":"https:\/\/psychiatria.ovh\/psychin\/wp-json\/wp\/v2\/users\/2"}],"replies":[{"embeddable":true,"href":"https:\/\/psychiatria.ovh\/psychin\/wp-json\/wp\/v2\/comments?post=85"}],"version-history":[{"count":2,"href":"https:\/\/psychiatria.ovh\/psychin\/wp-json\/wp\/v2\/pages\/85\/revisions"}],"predecessor-version":[{"id":99,"href":"https:\/\/psychiatria.ovh\/psychin\/wp-json\/wp\/v2\/pages\/85\/revisions\/99"}],"wp:attachment":[{"href":"https:\/\/psychiatria.ovh\/psychin\/wp-json\/wp\/v2\/media?parent=85"}],"curies":[{"name":"wp","href":"https:\/\/api.w.org\/{rel}","templated":true}]}}